{"id":252,"date":"2022-12-29T00:04:09","date_gmt":"2022-12-28T21:04:09","guid":{"rendered":"https:\/\/www.egemad.com\/yayinlar\/"},"modified":"2023-02-13T17:37:04","modified_gmt":"2023-02-13T14:37:04","slug":"publications","status":"publish","type":"page","link":"https:\/\/www.egemad.com\/en\/publications\/","title":{"rendered":"Publications"},"content":{"rendered":"<p>Gordes Nickel HPAL Project in Turkey. ALTA Ni-Co-Cu Conference 2015, Perth, Australia.<\/p>\n<div class=\"hr_dots\" style=\"margin:0 auto 10px\"><span style=\"background-color:#ee764a\"><\/span><span style=\"background-color:#ee764a\"><\/span><span style=\"background-color:#ee764a\"><\/span><\/div>\n\n<p>Development of A HPAL Nickel Project and Potential Scandium Recovery, ALTA Ni-Co-Cu. Conference 2018, Perth, Australia.<\/p>\n<div class=\"hr_dots\" style=\"margin:0 auto 10px\"><span style=\"background-color:#ee764a\"><\/span><span style=\"background-color:#ee764a\"><\/span><span style=\"background-color:#ee764a\"><\/span><\/div>\n\n<p>\u00c7a\u011flar Polat, Metehan Erdo\u011fan, Ali Safder \u0130plik\u00e7io\u011flu, \u0130shak Karakaya (2018). Electrochemical<br \/>\nFormation of Alloys of Scandium in Molten Salts, Light Metals (1555-1558)<br \/>\nDOI:10.1007\/978-3-319-72284-9_202<\/p>\n<div class=\"hr_dots\" style=\"margin:0 auto 10px\"><span style=\"background-color:#ee764a\"><\/span><span style=\"background-color:#ee764a\"><\/span><span style=\"background-color:#ee764a\"><\/span><\/div>\n\n<p>Yi\u011fit Alt\u0131nsel, Emre Altun, Yavuz Topkaya, \u00dcmit Atalay, B\u00fclent \u015eent\u00fcrk (2017). Enrichment of<br \/>\nScandium Contained in Serpentinite by Attrition Scrubbing Method. The 2nd Conference on<br \/>\nEuropean Rare Earth Resources<\/p>\n<div class=\"hr_dots\" style=\"margin:0 auto 10px\"><span style=\"background-color:#ee764a\"><\/span><span style=\"background-color:#ee764a\"><\/span><span style=\"background-color:#ee764a\"><\/span><\/div>\n\n<p>Yi\u011fit Alt\u0131nsel, \u015eerif Kaya, Yavuz Topkaya, B\u00fclent \u015eent\u00fcrk (2018), Extraction of Scandium from<br \/>\nLateritic Nickel-Cobalt Ore Leach Solution by Ion Exchange: A Special Study and Literature<br \/>\nReview on Previous Works. J, Light Metals (1545-1553) DOI:10.1007\/978-3-319-72284-9_201<\/p>\n<div class=\"hr_dots\" style=\"margin:0 auto 10px\"><span style=\"background-color:#ee764a\"><\/span><span style=\"background-color:#ee764a\"><\/span><span style=\"background-color:#ee764a\"><\/span><\/div>\n\n<p>Atalay, \u00dc. and \u015eent\u00fcrk, B., Thiourea: An Alternative Lixiviant for Silver Bearing Ore. &#8220;1988 SME Annual Meeting &#8220;, ,(1998), p.193<\/p>\n<div class=\"hr_dots\" style=\"margin:0 auto 10px\"><span style=\"background-color:#ee764a\"><\/span><span style=\"background-color:#ee764a\"><\/span><span style=\"background-color:#ee764a\"><\/span><\/div>\n\n<p>Orgul, S., Senturk, B. and Atalay, U., Thiourea: An Alternative Lixiviant for Silver Bearing ore. &#8220;VIII Balkan Mineral Processing Conference&#8221;, , (1999), p.331-336.<\/p>\n<div class=\"hr_dots\" style=\"margin:0 auto 10px\"><span style=\"background-color:#ee764a\"><\/span><span style=\"background-color:#ee764a\"><\/span><span style=\"background-color:#ee764a\"><\/span><\/div>\n\n<p>Ozbayoglu, G., Atalay, U., and Senturk, B., 1994, &#8221;Flotation of lead and zinc carbonates ore&#8221;, Proceeding of International Conference on recent advances in materials and mineral resources, Penang, Malaysia, May 1994, School of Material and Mineral Resources Engineering, pp. 504\u2013509, ISBN 938-9700-24-3<\/p>\n","protected":false},"excerpt":{"rendered":"<p>Gordes Nickel HPAL Project in Turkey. ALTA Ni-Co-Cu Conference 2015, Perth, Australia. Development of A HPAL Nickel Project and Potential Scandium Recovery, ALTA Ni-Co-Cu. Conference 2018,<span class=\"excerpt-hellip\"> [\u2026]<\/span><\/p>\n","protected":false},"author":1,"featured_media":0,"parent":0,"menu_order":0,"comment_status":"closed","ping_status":"closed","template":"","meta":{"rs_blank_template":"","rs_page_bg_color":"","slide_template_v7":"","footnotes":""},"class_list":["post-252","page","type-page","status-publish","hentry"],"_links":{"self":[{"href":"https:\/\/www.egemad.com\/en\/wp-json\/wp\/v2\/pages\/252","targetHints":{"allow":["GET"]}}],"collection":[{"href":"https:\/\/www.egemad.com\/en\/wp-json\/wp\/v2\/pages"}],"about":[{"href":"https:\/\/www.egemad.com\/en\/wp-json\/wp\/v2\/types\/page"}],"author":[{"embeddable":true,"href":"https:\/\/www.egemad.com\/en\/wp-json\/wp\/v2\/users\/1"}],"replies":[{"embeddable":true,"href":"https:\/\/www.egemad.com\/en\/wp-json\/wp\/v2\/comments?post=252"}],"version-history":[{"count":3,"href":"https:\/\/www.egemad.com\/en\/wp-json\/wp\/v2\/pages\/252\/revisions"}],"predecessor-version":[{"id":342,"href":"https:\/\/www.egemad.com\/en\/wp-json\/wp\/v2\/pages\/252\/revisions\/342"}],"wp:attachment":[{"href":"https:\/\/www.egemad.com\/en\/wp-json\/wp\/v2\/media?parent=252"}],"curies":[{"name":"wp","href":"https:\/\/api.w.org\/{rel}","templated":true}]}}