{"id":249,"date":"2022-12-29T00:03:58","date_gmt":"2022-12-28T21:03:58","guid":{"rendered":"https:\/\/www.egemad.com\/projeler\/"},"modified":"2023-02-14T14:44:36","modified_gmt":"2023-02-14T11:44:36","slug":"projects","status":"publish","type":"page","link":"https:\/\/www.egemad.com\/en\/projects\/","title":{"rendered":"Projects"},"content":{"rendered":"<p><img loading=\"lazy\" decoding=\"async\" class=\"aligncenter size-full wp-image-370\" src=\"https:\/\/www.egemad.com\/wp-content\/uploads\/2023\/02\/projeler-image.jpg\" alt=\"\" width=\"1200\" height=\"421\" srcset=\"https:\/\/www.egemad.com\/wp-content\/uploads\/2023\/02\/projeler-image.jpg 1200w, https:\/\/www.egemad.com\/wp-content\/uploads\/2023\/02\/projeler-image-300x105.jpg 300w, https:\/\/www.egemad.com\/wp-content\/uploads\/2023\/02\/projeler-image-1024x359.jpg 1024w, https:\/\/www.egemad.com\/wp-content\/uploads\/2023\/02\/projeler-image-768x269.jpg 768w, https:\/\/www.egemad.com\/wp-content\/uploads\/2023\/02\/projeler-image-260x91.jpg 260w, https:\/\/www.egemad.com\/wp-content\/uploads\/2023\/02\/projeler-image-50x18.jpg 50w, https:\/\/www.egemad.com\/wp-content\/uploads\/2023\/02\/projeler-image-150x53.jpg 150w\" sizes=\"auto, (max-width:767px) 480px, (max-width:1200px) 100vw, 1200px\" \/><\/p>\n<p><strong>GORDES NICKEL-COBALT MINE AND HPAL PLANT<\/strong><\/p>\n<p>Gordes Nickel-Cobalt Mine and High-Pressure Acid Leaching (HPAL) Plant is an example of the Project Development and Management services of the EGEMAD team. EGEMAD was the Project partner and managed the construction and commissioning of the plan through META Maden Ltd which is one of Egemad Group Companies. The plant has an annual capacity of 10,000 tons of Nickel metal equivalent to Nickel-Cobalt Mixed Hydroxide concentrate production. Construction and commissioning of the plant have been successfully completed in two years with a capital investment of about USD 400 million where the initial estimation was USD 800 million. The plant is successfully in operation since 2016 and the company is selling produced Mixed Hydroxide concentrate. Egemad group company META Maden Ltd. sold its shares and left the Gordes Project in 2016.<\/p>\n<p><strong>SOME OF THE MINING AND ENERGY PROJECTS &amp; ENGINEERING SERVICES<\/strong><\/p>\n<table>\n<tbody>\n<tr>\n<td><strong>PROJECT NAME &#8211; LOCATION<\/strong><\/td>\n<td><strong>SERVICES<\/strong><\/td>\n<\/tr>\n<tr>\n<td>Iron Ore Project<\/p>\n<p>Daskesen \u2013 Azerbaijan<\/td>\n<td>Iron Ore Production &amp; Concentration and Pelletizing Plan Feasibility Studies<\/td>\n<\/tr>\n<tr>\n<td>Copper Ore Mine<\/p>\n<p>Albania<\/td>\n<td>Underground Ore Production Planning<\/td>\n<\/tr>\n<tr>\n<td>Lead-Zinc Project<\/p>\n<p>\u00c7anakkale \u2013Turkey<\/td>\n<td>Feasibility Study, Underground Mine Production &amp; Planning<\/td>\n<\/tr>\n<tr>\n<td>Lead-Zinc Mine<\/p>\n<p>Grot \u2013 Serbia<\/td>\n<td>Exploration Planning<\/td>\n<\/tr>\n<tr>\n<td>G\u00f6lba\u015f\u0131 TPP Project<\/p>\n<p>Ad\u0131yaman \u2013 Turkey<\/td>\n<td>Feasibility Studies for Coal Production and TPP<\/td>\n<\/tr>\n<tr>\n<td>Af\u015fin Elbistan C &amp; D Field<\/p>\n<p>Coal Production (17.250.000 tons\/year) TPP Project (1.200 MW)<\/p>\n<p>Kahramanmaras \u2013 Turkey<\/td>\n<td>Feasibility Studies for Coal Production and TPP<\/td>\n<\/tr>\n<tr>\n<td>\u00c7\u0131rp\u0131lar Coal Deposit<\/p>\n<p>\u00c7anakkale \u2013 Turkey<\/td>\n<td>Feasibility Studies for Coal Production and TPP<\/td>\n<\/tr>\n<\/tbody>\n<\/table>\n","protected":false},"excerpt":{"rendered":"<p>GORDES NICKEL-COBALT MINE AND HPAL PLANT Gordes Nickel-Cobalt Mine and High-Pressure Acid Leaching (HPAL) Plant is an example of the Project Development and Management services of<span class=\"excerpt-hellip\"> [\u2026]<\/span><\/p>\n","protected":false},"author":1,"featured_media":0,"parent":0,"menu_order":0,"comment_status":"closed","ping_status":"closed","template":"","meta":{"rs_blank_template":"","rs_page_bg_color":"","slide_template_v7":"","footnotes":""},"class_list":["post-249","page","type-page","status-publish","hentry"],"_links":{"self":[{"href":"https:\/\/www.egemad.com\/en\/wp-json\/wp\/v2\/pages\/249","targetHints":{"allow":["GET"]}}],"collection":[{"href":"https:\/\/www.egemad.com\/en\/wp-json\/wp\/v2\/pages"}],"about":[{"href":"https:\/\/www.egemad.com\/en\/wp-json\/wp\/v2\/types\/page"}],"author":[{"embeddable":true,"href":"https:\/\/www.egemad.com\/en\/wp-json\/wp\/v2\/users\/1"}],"replies":[{"embeddable":true,"href":"https:\/\/www.egemad.com\/en\/wp-json\/wp\/v2\/comments?post=249"}],"version-history":[{"count":4,"href":"https:\/\/www.egemad.com\/en\/wp-json\/wp\/v2\/pages\/249\/revisions"}],"predecessor-version":[{"id":372,"href":"https:\/\/www.egemad.com\/en\/wp-json\/wp\/v2\/pages\/249\/revisions\/372"}],"wp:attachment":[{"href":"https:\/\/www.egemad.com\/en\/wp-json\/wp\/v2\/media?parent=249"}],"curies":[{"name":"wp","href":"https:\/\/api.w.org\/{rel}","templated":true}]}}